{"id":136,"date":"2025-02-14T10:41:40","date_gmt":"2025-02-14T09:41:40","guid":{"rendered":"https:\/\/toutenbois34.com\/?page_id=136"},"modified":"2025-02-14T11:23:12","modified_gmt":"2025-02-14T10:23:12","slug":"charpente","status":"publish","type":"page","link":"https:\/\/toutenbois34.com\/index.php\/charpente\/","title":{"rendered":"Charpente"},"content":{"rendered":"\n<p>La <strong>charpente en bois<\/strong> est l\u2019ossature essentielle de toute construction, garantissant robustesse et durabilit\u00e9. Gr\u00e2ce \u00e0 mon expertise de plus de 20 ans, je r\u00e9alise des charpentes sur mesure adapt\u00e9es \u00e0 vos besoins, que ce soit pour une <strong>maison, un garage, une extension ou un abri de jardin<\/strong>.<\/p>\n\n\n\n<ul class=\"wp-block-list\">\n<li><strong>Fabrication sur mesure<\/strong> : Conception adapt\u00e9e \u00e0 votre projet et \u00e0 vos contraintes techniques.<\/li>\n\n\n\n<li><strong>Bois de qualit\u00e9<\/strong> : S\u00e9lection rigoureuse d\u2019essences r\u00e9sistantes et durables.<\/li>\n\n\n\n<li><strong>Savoir-faire traditionnel<\/strong> : Assemblage pr\u00e9cis pour une solidit\u00e9 optimale.<\/li>\n\n\n\n<li><strong>Pose soign\u00e9e<\/strong> : Respect des normes et finitions impeccables pour une structure fiable.<\/li>\n<\/ul>\n\n\n\n<p><\/p>\n\n\n\n<figure class=\"wp-block-gallery has-nested-images columns-default is-cropped wp-block-gallery-1 is-layout-flex wp-block-gallery-is-layout-flex\">\n<figure class=\"wp-block-image size-large\"><img loading=\"lazy\" decoding=\"async\" width=\"1024\" height=\"768\" data-id=\"205\" src=\"https:\/\/toutenbois34.com\/wp-content\/uploads\/2025\/02\/IMG_1223-1-1024x768.jpg\" alt=\"\" class=\"wp-image-205\" srcset=\"https:\/\/toutenbois34.com\/wp-content\/uploads\/2025\/02\/IMG_1223-1-1024x768.jpg 1024w, https:\/\/toutenbois34.com\/wp-content\/uploads\/2025\/02\/IMG_1223-1-300x225.jpg 300w, https:\/\/toutenbois34.com\/wp-content\/uploads\/2025\/02\/IMG_1223-1-768x576.jpg 768w, https:\/\/toutenbois34.com\/wp-content\/uploads\/2025\/02\/IMG_1223-1-1536x1152.jpg 1536w, https:\/\/toutenbois34.com\/wp-content\/uploads\/2025\/02\/IMG_1223-1-1140x855.jpg 1140w, https:\/\/toutenbois34.com\/wp-content\/uploads\/2025\/02\/IMG_1223-1.jpg 2016w\" sizes=\"auto, (max-width: 1024px) 100vw, 1024px\" \/><\/figure>\n\n\n\n<figure class=\"wp-block-image size-large\"><img loading=\"lazy\" decoding=\"async\" width=\"1024\" height=\"768\" data-id=\"208\" src=\"https:\/\/toutenbois34.com\/wp-content\/uploads\/2025\/02\/IMG_1234-1-1024x768.jpg\" alt=\"\" class=\"wp-image-208\" srcset=\"https:\/\/toutenbois34.com\/wp-content\/uploads\/2025\/02\/IMG_1234-1-1024x768.jpg 1024w, https:\/\/toutenbois34.com\/wp-content\/uploads\/2025\/02\/IMG_1234-1-300x225.jpg 300w, https:\/\/toutenbois34.com\/wp-content\/uploads\/2025\/02\/IMG_1234-1-768x576.jpg 768w, https:\/\/toutenbois34.com\/wp-content\/uploads\/2025\/02\/IMG_1234-1-1536x1152.jpg 1536w, https:\/\/toutenbois34.com\/wp-content\/uploads\/2025\/02\/IMG_1234-1-1140x855.jpg 1140w, https:\/\/toutenbois34.com\/wp-content\/uploads\/2025\/02\/IMG_1234-1.jpg 2048w\" sizes=\"auto, (max-width: 1024px) 100vw, 1024px\" \/><\/figure>\n\n\n\n<figure class=\"wp-block-image size-large\"><img loading=\"lazy\" decoding=\"async\" width=\"1024\" height=\"768\" data-id=\"207\" src=\"https:\/\/toutenbois34.com\/wp-content\/uploads\/2025\/02\/IMG_1235-1-1024x768.jpg\" alt=\"\" class=\"wp-image-207\" srcset=\"https:\/\/toutenbois34.com\/wp-content\/uploads\/2025\/02\/IMG_1235-1-1024x768.jpg 1024w, https:\/\/toutenbois34.com\/wp-content\/uploads\/2025\/02\/IMG_1235-1-300x225.jpg 300w, https:\/\/toutenbois34.com\/wp-content\/uploads\/2025\/02\/IMG_1235-1-768x576.jpg 768w, https:\/\/toutenbois34.com\/wp-content\/uploads\/2025\/02\/IMG_1235-1-1536x1152.jpg 1536w, https:\/\/toutenbois34.com\/wp-content\/uploads\/2025\/02\/IMG_1235-1-1140x855.jpg 1140w, https:\/\/toutenbois34.com\/wp-content\/uploads\/2025\/02\/IMG_1235-1.jpg 2048w\" sizes=\"auto, (max-width: 1024px) 100vw, 1024px\" \/><\/figure>\n\n\n\n<figure class=\"wp-block-image size-large\"><img loading=\"lazy\" decoding=\"async\" width=\"1024\" height=\"768\" data-id=\"204\" src=\"https:\/\/toutenbois34.com\/wp-content\/uploads\/2025\/02\/IMG_1240-1-1024x768.jpg\" alt=\"\" class=\"wp-image-204\" srcset=\"https:\/\/toutenbois34.com\/wp-content\/uploads\/2025\/02\/IMG_1240-1-1024x768.jpg 1024w, https:\/\/toutenbois34.com\/wp-content\/uploads\/2025\/02\/IMG_1240-1-300x225.jpg 300w, https:\/\/toutenbois34.com\/wp-content\/uploads\/2025\/02\/IMG_1240-1-768x576.jpg 768w, https:\/\/toutenbois34.com\/wp-content\/uploads\/2025\/02\/IMG_1240-1-1536x1152.jpg 1536w, https:\/\/toutenbois34.com\/wp-content\/uploads\/2025\/02\/IMG_1240-1-1140x855.jpg 1140w, https:\/\/toutenbois34.com\/wp-content\/uploads\/2025\/02\/IMG_1240-1.jpg 2048w\" sizes=\"auto, (max-width: 1024px) 100vw, 1024px\" \/><\/figure>\n\n\n\n<figure class=\"wp-block-image size-large\"><img loading=\"lazy\" decoding=\"async\" width=\"1024\" height=\"701\" data-id=\"191\" src=\"https:\/\/toutenbois34.com\/wp-content\/uploads\/2025\/02\/IMG_1263-1024x701.jpg\" alt=\"\" class=\"wp-image-191\" srcset=\"https:\/\/toutenbois34.com\/wp-content\/uploads\/2025\/02\/IMG_1263-1024x701.jpg 1024w, https:\/\/toutenbois34.com\/wp-content\/uploads\/2025\/02\/IMG_1263-300x205.jpg 300w, https:\/\/toutenbois34.com\/wp-content\/uploads\/2025\/02\/IMG_1263-768x526.jpg 768w, https:\/\/toutenbois34.com\/wp-content\/uploads\/2025\/02\/IMG_1263.jpg 1136w\" sizes=\"auto, (max-width: 1024px) 100vw, 1024px\" \/><\/figure>\n\n\n\n<figure class=\"wp-block-image size-large\"><img loading=\"lazy\" decoding=\"async\" width=\"1024\" height=\"768\" data-id=\"209\" src=\"https:\/\/toutenbois34.com\/wp-content\/uploads\/2025\/02\/IMG_1264-1024x768.jpg\" alt=\"\" class=\"wp-image-209\" srcset=\"https:\/\/toutenbois34.com\/wp-content\/uploads\/2025\/02\/IMG_1264-1024x768.jpg 1024w, https:\/\/toutenbois34.com\/wp-content\/uploads\/2025\/02\/IMG_1264-300x225.jpg 300w, https:\/\/toutenbois34.com\/wp-content\/uploads\/2025\/02\/IMG_1264-768x576.jpg 768w, https:\/\/toutenbois34.com\/wp-content\/uploads\/2025\/02\/IMG_1264-1536x1152.jpg 1536w, https:\/\/toutenbois34.com\/wp-content\/uploads\/2025\/02\/IMG_1264-1140x855.jpg 1140w, https:\/\/toutenbois34.com\/wp-content\/uploads\/2025\/02\/IMG_1264.jpg 2048w\" sizes=\"auto, (max-width: 1024px) 100vw, 1024px\" \/><\/figure>\n\n\n\n<figure class=\"wp-block-image size-large\"><img loading=\"lazy\" decoding=\"async\" width=\"1024\" height=\"768\" data-id=\"202\" src=\"https:\/\/toutenbois34.com\/wp-content\/uploads\/2025\/02\/IMG_1268-1024x768.jpg\" alt=\"\" class=\"wp-image-202\" srcset=\"https:\/\/toutenbois34.com\/wp-content\/uploads\/2025\/02\/IMG_1268-1024x768.jpg 1024w, https:\/\/toutenbois34.com\/wp-content\/uploads\/2025\/02\/IMG_1268-300x225.jpg 300w, https:\/\/toutenbois34.com\/wp-content\/uploads\/2025\/02\/IMG_1268-768x576.jpg 768w, https:\/\/toutenbois34.com\/wp-content\/uploads\/2025\/02\/IMG_1268-1536x1152.jpg 1536w, https:\/\/toutenbois34.com\/wp-content\/uploads\/2025\/02\/IMG_1268-1140x855.jpg 1140w, https:\/\/toutenbois34.com\/wp-content\/uploads\/2025\/02\/IMG_1268.jpg 2048w\" sizes=\"auto, (max-width: 1024px) 100vw, 1024px\" \/><\/figure>\n\n\n\n<figure class=\"wp-block-image size-large\"><img loading=\"lazy\" decoding=\"async\" width=\"764\" height=\"1024\" data-id=\"203\" src=\"https:\/\/toutenbois34.com\/wp-content\/uploads\/2025\/02\/IMG_1273-764x1024.jpg\" alt=\"\" class=\"wp-image-203\" srcset=\"https:\/\/toutenbois34.com\/wp-content\/uploads\/2025\/02\/IMG_1273-764x1024.jpg 764w, https:\/\/toutenbois34.com\/wp-content\/uploads\/2025\/02\/IMG_1273-224x300.jpg 224w, https:\/\/toutenbois34.com\/wp-content\/uploads\/2025\/02\/IMG_1273-768x1029.jpg 768w, https:\/\/toutenbois34.com\/wp-content\/uploads\/2025\/02\/IMG_1273-1146x1536.jpg 1146w, https:\/\/toutenbois34.com\/wp-content\/uploads\/2025\/02\/IMG_1273-1140x1528.jpg 1140w, https:\/\/toutenbois34.com\/wp-content\/uploads\/2025\/02\/IMG_1273.jpg 1504w\" sizes=\"auto, (max-width: 764px) 100vw, 764px\" \/><\/figure>\n\n\n\n<figure class=\"wp-block-image size-large\"><img loading=\"lazy\" decoding=\"async\" width=\"1024\" height=\"768\" data-id=\"206\" src=\"https:\/\/toutenbois34.com\/wp-content\/uploads\/2025\/02\/IMG_1274-1024x768.jpg\" alt=\"\" class=\"wp-image-206\" srcset=\"https:\/\/toutenbois34.com\/wp-content\/uploads\/2025\/02\/IMG_1274-1024x768.jpg 1024w, https:\/\/toutenbois34.com\/wp-content\/uploads\/2025\/02\/IMG_1274-300x225.jpg 300w, https:\/\/toutenbois34.com\/wp-content\/uploads\/2025\/02\/IMG_1274-768x576.jpg 768w, https:\/\/toutenbois34.com\/wp-content\/uploads\/2025\/02\/IMG_1274-1536x1152.jpg 1536w, https:\/\/toutenbois34.com\/wp-content\/uploads\/2025\/02\/IMG_1274-1140x855.jpg 1140w, https:\/\/toutenbois34.com\/wp-content\/uploads\/2025\/02\/IMG_1274.jpg 2016w\" sizes=\"auto, (max-width: 1024px) 100vw, 1024px\" \/><\/figure>\n\n\n\n<figure class=\"wp-block-image size-large\"><img loading=\"lazy\" decoding=\"async\" width=\"750\" height=\"563\" data-id=\"187\" src=\"https:\/\/toutenbois34.com\/wp-content\/uploads\/2025\/02\/IMG_1275.jpg\" alt=\"\" class=\"wp-image-187\" srcset=\"https:\/\/toutenbois34.com\/wp-content\/uploads\/2025\/02\/IMG_1275.jpg 750w, https:\/\/toutenbois34.com\/wp-content\/uploads\/2025\/02\/IMG_1275-300x225.jpg 300w\" sizes=\"auto, (max-width: 750px) 100vw, 750px\" \/><\/figure>\n\n\n\n<figure class=\"wp-block-image size-large\"><img loading=\"lazy\" decoding=\"async\" width=\"750\" height=\"563\" data-id=\"186\" src=\"https:\/\/toutenbois34.com\/wp-content\/uploads\/2025\/02\/IMG_1276.jpg\" alt=\"\" class=\"wp-image-186\" srcset=\"https:\/\/toutenbois34.com\/wp-content\/uploads\/2025\/02\/IMG_1276.jpg 750w, https:\/\/toutenbois34.com\/wp-content\/uploads\/2025\/02\/IMG_1276-300x225.jpg 300w\" sizes=\"auto, (max-width: 750px) 100vw, 750px\" \/><\/figure>\n\n\n\n<figure class=\"wp-block-image size-large\"><img loading=\"lazy\" decoding=\"async\" width=\"960\" height=\"720\" data-id=\"195\" src=\"https:\/\/toutenbois34.com\/wp-content\/uploads\/2025\/02\/IMG_1277.jpg\" alt=\"\" class=\"wp-image-195\" srcset=\"https:\/\/toutenbois34.com\/wp-content\/uploads\/2025\/02\/IMG_1277.jpg 960w, https:\/\/toutenbois34.com\/wp-content\/uploads\/2025\/02\/IMG_1277-300x225.jpg 300w, https:\/\/toutenbois34.com\/wp-content\/uploads\/2025\/02\/IMG_1277-768x576.jpg 768w\" sizes=\"auto, (max-width: 960px) 100vw, 960px\" \/><\/figure>\n\n\n\n<figure class=\"wp-block-image size-large\"><img loading=\"lazy\" decoding=\"async\" width=\"960\" height=\"720\" data-id=\"194\" src=\"https:\/\/toutenbois34.com\/wp-content\/uploads\/2025\/02\/IMG_1278.jpg\" alt=\"\" class=\"wp-image-194\" srcset=\"https:\/\/toutenbois34.com\/wp-content\/uploads\/2025\/02\/IMG_1278.jpg 960w, https:\/\/toutenbois34.com\/wp-content\/uploads\/2025\/02\/IMG_1278-300x225.jpg 300w, https:\/\/toutenbois34.com\/wp-content\/uploads\/2025\/02\/IMG_1278-768x576.jpg 768w\" sizes=\"auto, (max-width: 960px) 100vw, 960px\" \/><\/figure>\n\n\n\n<figure class=\"wp-block-image size-large\"><img loading=\"lazy\" decoding=\"async\" width=\"720\" height=\"960\" data-id=\"189\" src=\"https:\/\/toutenbois34.com\/wp-content\/uploads\/2025\/02\/IMG_1279.jpg\" alt=\"\" class=\"wp-image-189\" srcset=\"https:\/\/toutenbois34.com\/wp-content\/uploads\/2025\/02\/IMG_1279.jpg 720w, https:\/\/toutenbois34.com\/wp-content\/uploads\/2025\/02\/IMG_1279-225x300.jpg 225w\" sizes=\"auto, (max-width: 720px) 100vw, 720px\" \/><\/figure>\n\n\n\n<figure class=\"wp-block-image size-large\"><img loading=\"lazy\" decoding=\"async\" width=\"960\" height=\"720\" data-id=\"192\" src=\"https:\/\/toutenbois34.com\/wp-content\/uploads\/2025\/02\/IMG_1280.jpg\" alt=\"\" class=\"wp-image-192\" srcset=\"https:\/\/toutenbois34.com\/wp-content\/uploads\/2025\/02\/IMG_1280.jpg 960w, https:\/\/toutenbois34.com\/wp-content\/uploads\/2025\/02\/IMG_1280-300x225.jpg 300w, https:\/\/toutenbois34.com\/wp-content\/uploads\/2025\/02\/IMG_1280-768x576.jpg 768w\" sizes=\"auto, (max-width: 960px) 100vw, 960px\" \/><\/figure>\n\n\n\n<figure class=\"wp-block-image size-large\"><img loading=\"lazy\" decoding=\"async\" width=\"960\" height=\"720\" data-id=\"188\" src=\"https:\/\/toutenbois34.com\/wp-content\/uploads\/2025\/02\/IMG_1281.jpg\" alt=\"\" class=\"wp-image-188\" srcset=\"https:\/\/toutenbois34.com\/wp-content\/uploads\/2025\/02\/IMG_1281.jpg 960w, https:\/\/toutenbois34.com\/wp-content\/uploads\/2025\/02\/IMG_1281-300x225.jpg 300w, https:\/\/toutenbois34.com\/wp-content\/uploads\/2025\/02\/IMG_1281-768x576.jpg 768w\" sizes=\"auto, (max-width: 960px) 100vw, 960px\" \/><\/figure>\n\n\n\n<figure class=\"wp-block-image size-large\"><img loading=\"lazy\" decoding=\"async\" width=\"770\" height=\"960\" data-id=\"190\" src=\"https:\/\/toutenbois34.com\/wp-content\/uploads\/2025\/02\/IMG_1282.jpg\" alt=\"\" class=\"wp-image-190\" srcset=\"https:\/\/toutenbois34.com\/wp-content\/uploads\/2025\/02\/IMG_1282.jpg 770w, https:\/\/toutenbois34.com\/wp-content\/uploads\/2025\/02\/IMG_1282-241x300.jpg 241w, https:\/\/toutenbois34.com\/wp-content\/uploads\/2025\/02\/IMG_1282-768x958.jpg 768w\" sizes=\"auto, (max-width: 770px) 100vw, 770px\" \/><\/figure>\n\n\n\n<figure class=\"wp-block-image size-large\"><img loading=\"lazy\" decoding=\"async\" width=\"960\" height=\"720\" data-id=\"196\" src=\"https:\/\/toutenbois34.com\/wp-content\/uploads\/2025\/02\/IMG_1283.jpg\" alt=\"\" class=\"wp-image-196\" srcset=\"https:\/\/toutenbois34.com\/wp-content\/uploads\/2025\/02\/IMG_1283.jpg 960w, https:\/\/toutenbois34.com\/wp-content\/uploads\/2025\/02\/IMG_1283-300x225.jpg 300w, https:\/\/toutenbois34.com\/wp-content\/uploads\/2025\/02\/IMG_1283-768x576.jpg 768w\" sizes=\"auto, (max-width: 960px) 100vw, 960px\" \/><\/figure>\n\n\n\n<figure class=\"wp-block-image size-large\"><img loading=\"lazy\" decoding=\"async\" width=\"960\" height=\"717\" data-id=\"193\" src=\"https:\/\/toutenbois34.com\/wp-content\/uploads\/2025\/02\/IMG_1284.jpg\" alt=\"\" class=\"wp-image-193\" srcset=\"https:\/\/toutenbois34.com\/wp-content\/uploads\/2025\/02\/IMG_1284.jpg 960w, https:\/\/toutenbois34.com\/wp-content\/uploads\/2025\/02\/IMG_1284-300x224.jpg 300w, https:\/\/toutenbois34.com\/wp-content\/uploads\/2025\/02\/IMG_1284-768x574.jpg 768w\" sizes=\"auto, (max-width: 960px) 100vw, 960px\" \/><\/figure>\n\n\n\n<figure class=\"wp-block-image size-large\"><img loading=\"lazy\" decoding=\"async\" width=\"1024\" height=\"765\" data-id=\"198\" src=\"https:\/\/toutenbois34.com\/wp-content\/uploads\/2025\/02\/IMG_1285-1024x765.jpg\" alt=\"\" class=\"wp-image-198\" srcset=\"https:\/\/toutenbois34.com\/wp-content\/uploads\/2025\/02\/IMG_1285-1024x765.jpg 1024w, https:\/\/toutenbois34.com\/wp-content\/uploads\/2025\/02\/IMG_1285-300x224.jpg 300w, https:\/\/toutenbois34.com\/wp-content\/uploads\/2025\/02\/IMG_1285-768x573.jpg 768w, https:\/\/toutenbois34.com\/wp-content\/uploads\/2025\/02\/IMG_1285-1536x1147.jpg 1536w, https:\/\/toutenbois34.com\/wp-content\/uploads\/2025\/02\/IMG_1285-1140x851.jpg 1140w, https:\/\/toutenbois34.com\/wp-content\/uploads\/2025\/02\/IMG_1285.jpg 2048w\" sizes=\"auto, (max-width: 1024px) 100vw, 1024px\" \/><\/figure>\n<\/figure>\n","protected":false},"excerpt":{"rendered":"<p>La charpente en bois est l\u2019ossature essentielle de toute construction, garantissant robustesse et durabilit\u00e9. Gr\u00e2ce \u00e0 mon expertise de plus de 20 ans, je r\u00e9alise des charpentes sur mesure adapt\u00e9es \u00e0 vos besoins, que ce soit pour une maison, un garage, une extension ou un abri de jardin.<\/p>\n","protected":false},"author":1,"featured_media":0,"parent":0,"menu_order":0,"comment_status":"closed","ping_status":"closed","template":"","meta":{"footnotes":""},"class_list":["post-136","page","type-page","status-publish","hentry"],"_links":{"self":[{"href":"https:\/\/toutenbois34.com\/index.php\/wp-json\/wp\/v2\/pages\/136","targetHints":{"allow":["GET"]}}],"collection":[{"href":"https:\/\/toutenbois34.com\/index.php\/wp-json\/wp\/v2\/pages"}],"about":[{"href":"https:\/\/toutenbois34.com\/index.php\/wp-json\/wp\/v2\/types\/page"}],"author":[{"embeddable":true,"href":"https:\/\/toutenbois34.com\/index.php\/wp-json\/wp\/v2\/users\/1"}],"replies":[{"embeddable":true,"href":"https:\/\/toutenbois34.com\/index.php\/wp-json\/wp\/v2\/comments?post=136"}],"version-history":[{"count":4,"href":"https:\/\/toutenbois34.com\/index.php\/wp-json\/wp\/v2\/pages\/136\/revisions"}],"predecessor-version":[{"id":216,"href":"https:\/\/toutenbois34.com\/index.php\/wp-json\/wp\/v2\/pages\/136\/revisions\/216"}],"wp:attachment":[{"href":"https:\/\/toutenbois34.com\/index.php\/wp-json\/wp\/v2\/media?parent=136"}],"curies":[{"name":"wp","href":"https:\/\/api.w.org\/{rel}","templated":true}]}}