{"id":135,"date":"2025-02-14T10:41:40","date_gmt":"2025-02-14T09:41:40","guid":{"rendered":"https:\/\/toutenbois34.com\/?page_id=135"},"modified":"2025-02-14T11:27:12","modified_gmt":"2025-02-14T10:27:12","slug":"construction-bois","status":"publish","type":"page","link":"https:\/\/toutenbois34.com\/index.php\/construction-bois\/","title":{"rendered":"Construction Bois"},"content":{"rendered":"\n<p>Je r\u00e9alise des <strong>constructions sur mesure<\/strong> alliant charme naturel, robustesse et performance \u00e9nerg\u00e9tique. Que ce soit pour une <strong>maison en bois, un abri, un garage, une extension ou une ossature bois<\/strong>, chaque projet est con\u00e7u avec soin pour s\u2019adapter \u00e0 vos besoins et \u00e0 votre environnement.<\/p>\n\n\n\n<p>\u2705 <strong>Sur mesure<\/strong> : Conception adapt\u00e9e \u00e0 votre espace et \u00e0 votre style.<br>\u2705 <strong>Mat\u00e9riaux durables<\/strong> : Bois de qualit\u00e9, r\u00e9sistant aux intemp\u00e9ries et aux variations climatiques.<br>\u2705 <strong>Isolation et confort<\/strong> : Excellentes performances thermiques pour une construction \u00e9co-responsable.<br>\u2705 <strong>Design personnalis\u00e9<\/strong> : Du traditionnel au contemporain, selon vos envies.<\/p>\n\n\n\n<p>Que vous souhaitiez agrandir votre habitat, cr\u00e9er un espace suppl\u00e9mentaire ou opter pour une construction bois\u00e9e et chaleureuse, je vous accompagne dans votre projet de A \u00e0 Z.<\/p>\n\n\n\n<p>\ud83d\udcde <strong>Contactez-moi<\/strong> au <strong>06 77 41 15 46<\/strong> pour en discuter !<\/p>\n\n\n\n<div style=\"height:100px\" aria-hidden=\"true\" class=\"wp-block-spacer\"><\/div>\n\n\n\n<figure class=\"wp-block-gallery has-nested-images columns-default is-cropped wp-block-gallery-1 is-layout-flex wp-block-gallery-is-layout-flex\">\n<figure class=\"wp-block-image size-large\"><img loading=\"lazy\" decoding=\"async\" width=\"1024\" height=\"768\" data-id=\"17\" src=\"https:\/\/toutenbois34.com\/wp-content\/uploads\/2025\/02\/87592571_893150391120303_1173114005586182144_n-1024x768.jpg\" alt=\"\" class=\"wp-image-17\" srcset=\"https:\/\/toutenbois34.com\/wp-content\/uploads\/2025\/02\/87592571_893150391120303_1173114005586182144_n-1024x768.jpg 1024w, https:\/\/toutenbois34.com\/wp-content\/uploads\/2025\/02\/87592571_893150391120303_1173114005586182144_n-300x225.jpg 300w, https:\/\/toutenbois34.com\/wp-content\/uploads\/2025\/02\/87592571_893150391120303_1173114005586182144_n-768x576.jpg 768w, https:\/\/toutenbois34.com\/wp-content\/uploads\/2025\/02\/87592571_893150391120303_1173114005586182144_n-1536x1152.jpg 1536w, https:\/\/toutenbois34.com\/wp-content\/uploads\/2025\/02\/87592571_893150391120303_1173114005586182144_n.jpg 2016w\" sizes=\"auto, (max-width: 1024px) 100vw, 1024px\" \/><\/figure>\n\n\n\n<figure class=\"wp-block-image size-large\"><img loading=\"lazy\" decoding=\"async\" width=\"960\" height=\"720\" data-id=\"33\" src=\"https:\/\/toutenbois34.com\/wp-content\/uploads\/2025\/02\/107764655_988802378221770_8340592019227421499_n.jpg\" alt=\"\" class=\"wp-image-33\" srcset=\"https:\/\/toutenbois34.com\/wp-content\/uploads\/2025\/02\/107764655_988802378221770_8340592019227421499_n.jpg 960w, https:\/\/toutenbois34.com\/wp-content\/uploads\/2025\/02\/107764655_988802378221770_8340592019227421499_n-300x225.jpg 300w, https:\/\/toutenbois34.com\/wp-content\/uploads\/2025\/02\/107764655_988802378221770_8340592019227421499_n-768x576.jpg 768w\" sizes=\"auto, (max-width: 960px) 100vw, 960px\" \/><\/figure>\n\n\n\n<figure class=\"wp-block-image size-large\"><img loading=\"lazy\" decoding=\"async\" width=\"960\" height=\"720\" data-id=\"42\" src=\"https:\/\/toutenbois34.com\/wp-content\/uploads\/2025\/02\/148020291_1147384135696926_2020279936881081931_n.jpg\" alt=\"\" class=\"wp-image-42\" srcset=\"https:\/\/toutenbois34.com\/wp-content\/uploads\/2025\/02\/148020291_1147384135696926_2020279936881081931_n.jpg 960w, https:\/\/toutenbois34.com\/wp-content\/uploads\/2025\/02\/148020291_1147384135696926_2020279936881081931_n-300x225.jpg 300w, https:\/\/toutenbois34.com\/wp-content\/uploads\/2025\/02\/148020291_1147384135696926_2020279936881081931_n-768x576.jpg 768w\" sizes=\"auto, (max-width: 960px) 100vw, 960px\" \/><\/figure>\n\n\n\n<figure class=\"wp-block-image size-large\"><img loading=\"lazy\" decoding=\"async\" width=\"960\" height=\"720\" data-id=\"43\" src=\"https:\/\/toutenbois34.com\/wp-content\/uploads\/2025\/02\/148261233_1148038052298201_8324707441961433185_n.jpg\" alt=\"\" class=\"wp-image-43\" srcset=\"https:\/\/toutenbois34.com\/wp-content\/uploads\/2025\/02\/148261233_1148038052298201_8324707441961433185_n.jpg 960w, https:\/\/toutenbois34.com\/wp-content\/uploads\/2025\/02\/148261233_1148038052298201_8324707441961433185_n-300x225.jpg 300w, https:\/\/toutenbois34.com\/wp-content\/uploads\/2025\/02\/148261233_1148038052298201_8324707441961433185_n-768x576.jpg 768w\" sizes=\"auto, (max-width: 960px) 100vw, 960px\" \/><\/figure>\n\n\n\n<figure class=\"wp-block-image size-large\"><img loading=\"lazy\" decoding=\"async\" width=\"750\" height=\"382\" data-id=\"44\" src=\"https:\/\/toutenbois34.com\/wp-content\/uploads\/2025\/02\/150192669_1151107041991302_5800724254235061750_n.jpg\" alt=\"\" class=\"wp-image-44\" srcset=\"https:\/\/toutenbois34.com\/wp-content\/uploads\/2025\/02\/150192669_1151107041991302_5800724254235061750_n.jpg 750w, https:\/\/toutenbois34.com\/wp-content\/uploads\/2025\/02\/150192669_1151107041991302_5800724254235061750_n-300x153.jpg 300w\" sizes=\"auto, (max-width: 750px) 100vw, 750px\" \/><\/figure>\n\n\n\n<figure class=\"wp-block-image size-large\"><img loading=\"lazy\" decoding=\"async\" width=\"960\" height=\"450\" data-id=\"45\" src=\"https:\/\/toutenbois34.com\/wp-content\/uploads\/2025\/02\/152128008_1152738565161483_8319491717816477740_n.jpg\" alt=\"\" class=\"wp-image-45\" srcset=\"https:\/\/toutenbois34.com\/wp-content\/uploads\/2025\/02\/152128008_1152738565161483_8319491717816477740_n.jpg 960w, https:\/\/toutenbois34.com\/wp-content\/uploads\/2025\/02\/152128008_1152738565161483_8319491717816477740_n-300x141.jpg 300w, https:\/\/toutenbois34.com\/wp-content\/uploads\/2025\/02\/152128008_1152738565161483_8319491717816477740_n-768x360.jpg 768w\" sizes=\"auto, (max-width: 960px) 100vw, 960px\" \/><\/figure>\n<\/figure>\n","protected":false},"excerpt":{"rendered":"<p>Je r\u00e9alise des constructions sur mesure alliant charme naturel, robustesse et performance \u00e9nerg\u00e9tique. Que ce soit pour une maison en bois, un abri, un garage, une extension ou une ossature bois, chaque projet est con\u00e7u avec soin pour s\u2019adapter \u00e0 vos besoins et \u00e0 votre environnement. \u2705 Sur mesure : Conception adapt\u00e9e \u00e0 votre espace et \u00e0 votre style.\u2705 Mat\u00e9riaux durables : Bois de qualit\u00e9, r\u00e9sistant aux intemp\u00e9ries et aux variations climatiques.\u2705 Isolation et confort : Excellentes performances thermiques pour une construction \u00e9co-responsable.\u2705 Design personnalis\u00e9 : Du traditionnel au contemporain, selon vos envies. Que vous souhaitiez agrandir votre habitat, cr\u00e9er un espace suppl\u00e9mentaire ou opter pour une construction bois\u00e9e et chaleureuse, je vous accompagne dans votre projet de A \u00e0 Z. \ud83d\udcde Contactez-moi au 06 77 41 15 46 pour en discuter !<\/p>\n","protected":false},"author":1,"featured_media":0,"parent":0,"menu_order":0,"comment_status":"closed","ping_status":"closed","template":"","meta":{"footnotes":""},"class_list":["post-135","page","type-page","status-publish","hentry"],"_links":{"self":[{"href":"https:\/\/toutenbois34.com\/index.php\/wp-json\/wp\/v2\/pages\/135","targetHints":{"allow":["GET"]}}],"collection":[{"href":"https:\/\/toutenbois34.com\/index.php\/wp-json\/wp\/v2\/pages"}],"about":[{"href":"https:\/\/toutenbois34.com\/index.php\/wp-json\/wp\/v2\/types\/page"}],"author":[{"embeddable":true,"href":"https:\/\/toutenbois34.com\/index.php\/wp-json\/wp\/v2\/users\/1"}],"replies":[{"embeddable":true,"href":"https:\/\/toutenbois34.com\/index.php\/wp-json\/wp\/v2\/comments?post=135"}],"version-history":[{"count":3,"href":"https:\/\/toutenbois34.com\/index.php\/wp-json\/wp\/v2\/pages\/135\/revisions"}],"predecessor-version":[{"id":218,"href":"https:\/\/toutenbois34.com\/index.php\/wp-json\/wp\/v2\/pages\/135\/revisions\/218"}],"wp:attachment":[{"href":"https:\/\/toutenbois34.com\/index.php\/wp-json\/wp\/v2\/media?parent=135"}],"curies":[{"name":"wp","href":"https:\/\/api.w.org\/{rel}","templated":true}]}}