{"id":134,"date":"2025-02-14T10:41:40","date_gmt":"2025-02-14T09:41:40","guid":{"rendered":"https:\/\/toutenbois34.com\/?page_id=134"},"modified":"2025-02-14T11:22:16","modified_gmt":"2025-02-14T10:22:16","slug":"brise-vue","status":"publish","type":"page","link":"https:\/\/toutenbois34.com\/index.php\/brise-vue\/","title":{"rendered":"Brise-Vue"},"content":{"rendered":"\n<p><\/p>\n\n\n\n<p class=\"has-medium-font-size\">Les brise-vues en bois sont une solution id\u00e9ale pour pr\u00e9server votre intimit\u00e9 tout en ajoutant une touche naturelle et \u00e9l\u00e9gante \u00e0 votre ext\u00e9rieur. Que ce soit pour un jardin, une terrasse, un balcon ou une piscine, ils permettent de se prot\u00e9ger des regards indiscrets tout en s\u2019int\u00e9grant harmonieusement \u00e0 votre environnement.<\/p>\n\n\n\n<p>\u2705 Sur mesure : Adapt\u00e9s \u00e0 vos besoins et \u00e0 l\u2019esth\u00e9tique de votre espace.<br>\u2705 Bois de qualit\u00e9 : Durable, r\u00e9sistant aux intemp\u00e9ries et trait\u00e9 pour une longue dur\u00e9e de vie.<br>\u2705 Installation soign\u00e9e : Fixation solide et finitions impeccables pour une tenue parfaite.<br>\u2705 Design vari\u00e9 : Lames ajour\u00e9es, pleines, horizontales ou verticales selon votre style.<\/p>\n\n\n\n<p>\ud83d\udcde <strong>Contactez-moi<\/strong> au <strong>06 77 41 15 46<\/strong> pour \u00e9changer sur votre projet !<\/p>\n\n\n\n<div style=\"height:100px\" aria-hidden=\"true\" class=\"wp-block-spacer\"><\/div>\n\n\n\n<figure class=\"wp-block-gallery has-nested-images columns-default is-cropped wp-block-gallery-1 is-layout-flex wp-block-gallery-is-layout-flex\">\n<figure class=\"wp-block-image size-large\"><img loading=\"lazy\" decoding=\"async\" width=\"1024\" height=\"768\" data-id=\"182\" src=\"https:\/\/toutenbois34.com\/wp-content\/uploads\/2025\/02\/IMG_1261-1024x768.jpg\" alt=\"\" class=\"wp-image-182\" srcset=\"https:\/\/toutenbois34.com\/wp-content\/uploads\/2025\/02\/IMG_1261-1024x768.jpg 1024w, https:\/\/toutenbois34.com\/wp-content\/uploads\/2025\/02\/IMG_1261-300x225.jpg 300w, https:\/\/toutenbois34.com\/wp-content\/uploads\/2025\/02\/IMG_1261-768x576.jpg 768w, https:\/\/toutenbois34.com\/wp-content\/uploads\/2025\/02\/IMG_1261-1536x1152.jpg 1536w, https:\/\/toutenbois34.com\/wp-content\/uploads\/2025\/02\/IMG_1261-1140x855.jpg 1140w, https:\/\/toutenbois34.com\/wp-content\/uploads\/2025\/02\/IMG_1261.jpg 2016w\" sizes=\"auto, (max-width: 1024px) 100vw, 1024px\" \/><\/figure>\n\n\n\n<figure class=\"wp-block-image size-large\"><img loading=\"lazy\" decoding=\"async\" width=\"1024\" height=\"770\" data-id=\"180\" src=\"https:\/\/toutenbois34.com\/wp-content\/uploads\/2025\/02\/IMG_1231-1-1024x770.jpg\" alt=\"\" class=\"wp-image-180\" srcset=\"https:\/\/toutenbois34.com\/wp-content\/uploads\/2025\/02\/IMG_1231-1-1024x770.jpg 1024w, https:\/\/toutenbois34.com\/wp-content\/uploads\/2025\/02\/IMG_1231-1-300x225.jpg 300w, https:\/\/toutenbois34.com\/wp-content\/uploads\/2025\/02\/IMG_1231-1-768x577.jpg 768w, https:\/\/toutenbois34.com\/wp-content\/uploads\/2025\/02\/IMG_1231-1-1536x1154.jpg 1536w, https:\/\/toutenbois34.com\/wp-content\/uploads\/2025\/02\/IMG_1231-1-1140x857.jpg 1140w, https:\/\/toutenbois34.com\/wp-content\/uploads\/2025\/02\/IMG_1231-1.jpg 2048w\" sizes=\"auto, (max-width: 1024px) 100vw, 1024px\" \/><\/figure>\n\n\n\n<figure class=\"wp-block-image size-large\"><img loading=\"lazy\" decoding=\"async\" width=\"1024\" height=\"768\" data-id=\"181\" src=\"https:\/\/toutenbois34.com\/wp-content\/uploads\/2025\/02\/IMG_1236-1-1024x768.jpg\" alt=\"\" class=\"wp-image-181\" srcset=\"https:\/\/toutenbois34.com\/wp-content\/uploads\/2025\/02\/IMG_1236-1-1024x768.jpg 1024w, https:\/\/toutenbois34.com\/wp-content\/uploads\/2025\/02\/IMG_1236-1-300x225.jpg 300w, https:\/\/toutenbois34.com\/wp-content\/uploads\/2025\/02\/IMG_1236-1-768x576.jpg 768w, https:\/\/toutenbois34.com\/wp-content\/uploads\/2025\/02\/IMG_1236-1-1536x1152.jpg 1536w, https:\/\/toutenbois34.com\/wp-content\/uploads\/2025\/02\/IMG_1236-1-1140x855.jpg 1140w, https:\/\/toutenbois34.com\/wp-content\/uploads\/2025\/02\/IMG_1236-1.jpg 2048w\" sizes=\"auto, (max-width: 1024px) 100vw, 1024px\" \/><\/figure>\n\n\n\n<figure class=\"wp-block-image size-large\"><img loading=\"lazy\" decoding=\"async\" width=\"1024\" height=\"697\" data-id=\"173\" src=\"https:\/\/toutenbois34.com\/wp-content\/uploads\/2025\/02\/IMG_1252-1024x697.jpg\" alt=\"\" class=\"wp-image-173\" srcset=\"https:\/\/toutenbois34.com\/wp-content\/uploads\/2025\/02\/IMG_1252-1024x697.jpg 1024w, https:\/\/toutenbois34.com\/wp-content\/uploads\/2025\/02\/IMG_1252-300x204.jpg 300w, https:\/\/toutenbois34.com\/wp-content\/uploads\/2025\/02\/IMG_1252-768x523.jpg 768w, https:\/\/toutenbois34.com\/wp-content\/uploads\/2025\/02\/IMG_1252-1140x776.jpg 1140w, https:\/\/toutenbois34.com\/wp-content\/uploads\/2025\/02\/IMG_1252.jpg 1305w\" sizes=\"auto, (max-width: 1024px) 100vw, 1024px\" \/><\/figure>\n\n\n\n<figure class=\"wp-block-image size-large\"><img loading=\"lazy\" decoding=\"async\" width=\"1024\" height=\"576\" data-id=\"178\" src=\"https:\/\/toutenbois34.com\/wp-content\/uploads\/2025\/02\/IMG_1253-1024x576.jpg\" alt=\"\" class=\"wp-image-178\" srcset=\"https:\/\/toutenbois34.com\/wp-content\/uploads\/2025\/02\/IMG_1253-1024x576.jpg 1024w, https:\/\/toutenbois34.com\/wp-content\/uploads\/2025\/02\/IMG_1253-300x169.jpg 300w, https:\/\/toutenbois34.com\/wp-content\/uploads\/2025\/02\/IMG_1253-768x432.jpg 768w, https:\/\/toutenbois34.com\/wp-content\/uploads\/2025\/02\/IMG_1253-1536x864.jpg 1536w, https:\/\/toutenbois34.com\/wp-content\/uploads\/2025\/02\/IMG_1253-1140x641.jpg 1140w, https:\/\/toutenbois34.com\/wp-content\/uploads\/2025\/02\/IMG_1253.jpg 2016w\" sizes=\"auto, (max-width: 1024px) 100vw, 1024px\" \/><\/figure>\n\n\n\n<figure class=\"wp-block-image size-large\"><img loading=\"lazy\" decoding=\"async\" width=\"768\" height=\"1024\" data-id=\"176\" src=\"https:\/\/toutenbois34.com\/wp-content\/uploads\/2025\/02\/IMG_1254-768x1024.jpg\" alt=\"\" class=\"wp-image-176\" srcset=\"https:\/\/toutenbois34.com\/wp-content\/uploads\/2025\/02\/IMG_1254-768x1024.jpg 768w, https:\/\/toutenbois34.com\/wp-content\/uploads\/2025\/02\/IMG_1254-225x300.jpg 225w, https:\/\/toutenbois34.com\/wp-content\/uploads\/2025\/02\/IMG_1254-1152x1536.jpg 1152w, https:\/\/toutenbois34.com\/wp-content\/uploads\/2025\/02\/IMG_1254-1140x1520.jpg 1140w, https:\/\/toutenbois34.com\/wp-content\/uploads\/2025\/02\/IMG_1254.jpg 1200w\" sizes=\"auto, (max-width: 768px) 100vw, 768px\" \/><\/figure>\n\n\n\n<figure class=\"wp-block-image size-large\"><img loading=\"lazy\" decoding=\"async\" width=\"768\" height=\"1024\" data-id=\"174\" src=\"https:\/\/toutenbois34.com\/wp-content\/uploads\/2025\/02\/IMG_1255-768x1024.jpg\" alt=\"\" class=\"wp-image-174\" srcset=\"https:\/\/toutenbois34.com\/wp-content\/uploads\/2025\/02\/IMG_1255-768x1024.jpg 768w, https:\/\/toutenbois34.com\/wp-content\/uploads\/2025\/02\/IMG_1255-225x300.jpg 225w, https:\/\/toutenbois34.com\/wp-content\/uploads\/2025\/02\/IMG_1255-1152x1536.jpg 1152w, https:\/\/toutenbois34.com\/wp-content\/uploads\/2025\/02\/IMG_1255-1140x1520.jpg 1140w, https:\/\/toutenbois34.com\/wp-content\/uploads\/2025\/02\/IMG_1255.jpg 1200w\" sizes=\"auto, (max-width: 768px) 100vw, 768px\" \/><\/figure>\n\n\n\n<figure class=\"wp-block-image size-large\"><img loading=\"lazy\" decoding=\"async\" width=\"1024\" height=\"768\" data-id=\"175\" src=\"https:\/\/toutenbois34.com\/wp-content\/uploads\/2025\/02\/IMG_1256-1024x768.jpg\" alt=\"\" class=\"wp-image-175\" srcset=\"https:\/\/toutenbois34.com\/wp-content\/uploads\/2025\/02\/IMG_1256-1024x768.jpg 1024w, https:\/\/toutenbois34.com\/wp-content\/uploads\/2025\/02\/IMG_1256-300x225.jpg 300w, https:\/\/toutenbois34.com\/wp-content\/uploads\/2025\/02\/IMG_1256-768x576.jpg 768w, https:\/\/toutenbois34.com\/wp-content\/uploads\/2025\/02\/IMG_1256-1536x1152.jpg 1536w, https:\/\/toutenbois34.com\/wp-content\/uploads\/2025\/02\/IMG_1256-1140x855.jpg 1140w, https:\/\/toutenbois34.com\/wp-content\/uploads\/2025\/02\/IMG_1256.jpg 1600w\" sizes=\"auto, (max-width: 1024px) 100vw, 1024px\" \/><\/figure>\n\n\n\n<figure class=\"wp-block-image size-large\"><img loading=\"lazy\" decoding=\"async\" width=\"1024\" height=\"770\" data-id=\"183\" src=\"https:\/\/toutenbois34.com\/wp-content\/uploads\/2025\/02\/IMG_1258-1024x770.jpg\" alt=\"\" class=\"wp-image-183\" srcset=\"https:\/\/toutenbois34.com\/wp-content\/uploads\/2025\/02\/IMG_1258-1024x770.jpg 1024w, https:\/\/toutenbois34.com\/wp-content\/uploads\/2025\/02\/IMG_1258-300x225.jpg 300w, https:\/\/toutenbois34.com\/wp-content\/uploads\/2025\/02\/IMG_1258-768x577.jpg 768w, https:\/\/toutenbois34.com\/wp-content\/uploads\/2025\/02\/IMG_1258-1536x1154.jpg 1536w, https:\/\/toutenbois34.com\/wp-content\/uploads\/2025\/02\/IMG_1258-1140x857.jpg 1140w, https:\/\/toutenbois34.com\/wp-content\/uploads\/2025\/02\/IMG_1258.jpg 2048w\" sizes=\"auto, (max-width: 1024px) 100vw, 1024px\" \/><\/figure>\n\n\n\n<figure class=\"wp-block-image size-large\"><img loading=\"lazy\" decoding=\"async\" width=\"1024\" height=\"770\" data-id=\"179\" src=\"https:\/\/toutenbois34.com\/wp-content\/uploads\/2025\/02\/IMG_1259-1024x770.jpg\" alt=\"\" class=\"wp-image-179\" srcset=\"https:\/\/toutenbois34.com\/wp-content\/uploads\/2025\/02\/IMG_1259-1024x770.jpg 1024w, https:\/\/toutenbois34.com\/wp-content\/uploads\/2025\/02\/IMG_1259-300x225.jpg 300w, https:\/\/toutenbois34.com\/wp-content\/uploads\/2025\/02\/IMG_1259-768x577.jpg 768w, https:\/\/toutenbois34.com\/wp-content\/uploads\/2025\/02\/IMG_1259-1536x1154.jpg 1536w, https:\/\/toutenbois34.com\/wp-content\/uploads\/2025\/02\/IMG_1259-1140x857.jpg 1140w, https:\/\/toutenbois34.com\/wp-content\/uploads\/2025\/02\/IMG_1259.jpg 2048w\" sizes=\"auto, (max-width: 1024px) 100vw, 1024px\" \/><\/figure>\n\n\n\n<figure class=\"wp-block-image size-large\"><img loading=\"lazy\" decoding=\"async\" width=\"768\" height=\"1024\" data-id=\"177\" src=\"https:\/\/toutenbois34.com\/wp-content\/uploads\/2025\/02\/IMG_1260-768x1024.jpg\" alt=\"\" class=\"wp-image-177\" srcset=\"https:\/\/toutenbois34.com\/wp-content\/uploads\/2025\/02\/IMG_1260-768x1024.jpg 768w, https:\/\/toutenbois34.com\/wp-content\/uploads\/2025\/02\/IMG_1260-225x300.jpg 225w, https:\/\/toutenbois34.com\/wp-content\/uploads\/2025\/02\/IMG_1260-1152x1536.jpg 1152w, https:\/\/toutenbois34.com\/wp-content\/uploads\/2025\/02\/IMG_1260-1140x1520.jpg 1140w, https:\/\/toutenbois34.com\/wp-content\/uploads\/2025\/02\/IMG_1260.jpg 1500w\" sizes=\"auto, (max-width: 768px) 100vw, 768px\" \/><\/figure>\n\n\n\n<figure class=\"wp-block-image size-large\"><img loading=\"lazy\" decoding=\"async\" width=\"576\" height=\"1024\" data-id=\"111\" src=\"https:\/\/toutenbois34.com\/wp-content\/uploads\/2025\/02\/IMG_1242-576x1024.jpg\" alt=\"\" class=\"wp-image-111\" srcset=\"https:\/\/toutenbois34.com\/wp-content\/uploads\/2025\/02\/IMG_1242-576x1024.jpg 576w, https:\/\/toutenbois34.com\/wp-content\/uploads\/2025\/02\/IMG_1242-169x300.jpg 169w, https:\/\/toutenbois34.com\/wp-content\/uploads\/2025\/02\/IMG_1242-768x1365.jpg 768w, https:\/\/toutenbois34.com\/wp-content\/uploads\/2025\/02\/IMG_1242-864x1536.jpg 864w, https:\/\/toutenbois34.com\/wp-content\/uploads\/2025\/02\/IMG_1242.jpg 1134w\" sizes=\"auto, (max-width: 576px) 100vw, 576px\" \/><\/figure>\n\n\n\n<figure class=\"wp-block-image size-large\"><img loading=\"lazy\" decoding=\"async\" width=\"1024\" height=\"576\" data-id=\"110\" src=\"https:\/\/toutenbois34.com\/wp-content\/uploads\/2025\/02\/IMG_1241-1024x576.jpg\" alt=\"\" class=\"wp-image-110\" srcset=\"https:\/\/toutenbois34.com\/wp-content\/uploads\/2025\/02\/IMG_1241-1024x576.jpg 1024w, https:\/\/toutenbois34.com\/wp-content\/uploads\/2025\/02\/IMG_1241-300x169.jpg 300w, https:\/\/toutenbois34.com\/wp-content\/uploads\/2025\/02\/IMG_1241-768x432.jpg 768w, https:\/\/toutenbois34.com\/wp-content\/uploads\/2025\/02\/IMG_1241-1536x864.jpg 1536w, https:\/\/toutenbois34.com\/wp-content\/uploads\/2025\/02\/IMG_1241-1140x641.jpg 1140w, https:\/\/toutenbois34.com\/wp-content\/uploads\/2025\/02\/IMG_1241.jpg 2016w\" sizes=\"auto, (max-width: 1024px) 100vw, 1024px\" \/><\/figure>\n<\/figure>\n","protected":false},"excerpt":{"rendered":"<p>Les brise-vues en bois sont une solution id\u00e9ale pour pr\u00e9server votre intimit\u00e9 tout en ajoutant une touche naturelle et \u00e9l\u00e9gante \u00e0 votre ext\u00e9rieur. Que ce soit pour un jardin, une terrasse, un balcon ou une piscine, ils permettent de se prot\u00e9ger des regards indiscrets tout en s\u2019int\u00e9grant harmonieusement \u00e0 votre environnement. \u2705 Sur mesure : Adapt\u00e9s \u00e0 vos besoins et \u00e0 l\u2019esth\u00e9tique de votre espace.\u2705 Bois de qualit\u00e9 : Durable, r\u00e9sistant aux intemp\u00e9ries et trait\u00e9 pour une longue dur\u00e9e de vie.\u2705 Installation soign\u00e9e : Fixation solide et finitions impeccables pour une tenue parfaite.\u2705 Design vari\u00e9 : Lames ajour\u00e9es, pleines, horizontales ou verticales selon votre style. \ud83d\udcde Contactez-moi au 06 77 41 15 46 pour \u00e9changer sur votre projet !<\/p>\n","protected":false},"author":1,"featured_media":0,"parent":0,"menu_order":0,"comment_status":"closed","ping_status":"closed","template":"","meta":{"footnotes":""},"class_list":["post-134","page","type-page","status-publish","hentry"],"_links":{"self":[{"href":"https:\/\/toutenbois34.com\/index.php\/wp-json\/wp\/v2\/pages\/134","targetHints":{"allow":["GET"]}}],"collection":[{"href":"https:\/\/toutenbois34.com\/index.php\/wp-json\/wp\/v2\/pages"}],"about":[{"href":"https:\/\/toutenbois34.com\/index.php\/wp-json\/wp\/v2\/types\/page"}],"author":[{"embeddable":true,"href":"https:\/\/toutenbois34.com\/index.php\/wp-json\/wp\/v2\/users\/1"}],"replies":[{"embeddable":true,"href":"https:\/\/toutenbois34.com\/index.php\/wp-json\/wp\/v2\/comments?post=134"}],"version-history":[{"count":6,"href":"https:\/\/toutenbois34.com\/index.php\/wp-json\/wp\/v2\/pages\/134\/revisions"}],"predecessor-version":[{"id":215,"href":"https:\/\/toutenbois34.com\/index.php\/wp-json\/wp\/v2\/pages\/134\/revisions\/215"}],"wp:attachment":[{"href":"https:\/\/toutenbois34.com\/index.php\/wp-json\/wp\/v2\/media?parent=134"}],"curies":[{"name":"wp","href":"https:\/\/api.w.org\/{rel}","templated":true}]}}