{"id":131,"date":"2025-02-14T10:41:40","date_gmt":"2025-02-14T09:41:40","guid":{"rendered":"https:\/\/toutenbois34.com\/?page_id=131"},"modified":"2025-02-14T11:35:51","modified_gmt":"2025-02-14T10:35:51","slug":"menuiserie-exterieure","status":"publish","type":"page","link":"https:\/\/toutenbois34.com\/index.php\/menuiserie-exterieure\/","title":{"rendered":"Menuiserie Ext\u00e9rieure"},"content":{"rendered":"\n<p>Sp\u00e9cialiste du bois, je r\u00e9alise des ouvrages de menuiserie ext\u00e9rieure sur mesure, alliant esth\u00e9tisme, robustesse et fonctionnalit\u00e9. Que ce soit pour des portes, fen\u00eatres, volets, bardages, portails ou pergolas, chaque r\u00e9alisation est con\u00e7ue pour s\u2019int\u00e9grer parfaitement \u00e0 votre habitat et r\u00e9sister aux intemp\u00e9ries.<\/p>\n\n\n\n<p>\u2705 Bois de qualit\u00e9 : S\u00e9lectionn\u00e9 pour sa durabilit\u00e9 et son aspect naturel chaleureux.<br>\u2705 Sur mesure : Conception adapt\u00e9e \u00e0 vos besoins et \u00e0 l\u2019architecture de votre maison.<br>\u2705 Isolation et confort : Excellentes performances thermiques et phoniques.<br>\u2705 Finitions soign\u00e9es : Travail artisanal pr\u00e9cis pour un rendu esth\u00e9tique et harmonieux.<\/p>\n\n\n\n<div style=\"height:100px\" aria-hidden=\"true\" class=\"wp-block-spacer\"><\/div>\n\n\n\n<figure class=\"wp-block-gallery has-nested-images columns-default is-cropped wp-block-gallery-1 is-layout-flex wp-block-gallery-is-layout-flex\">\n<figure class=\"wp-block-image size-large\"><img loading=\"lazy\" decoding=\"async\" width=\"768\" height=\"1024\" data-id=\"234\" src=\"https:\/\/toutenbois34.com\/wp-content\/uploads\/2025\/02\/IMG_1293-768x1024.jpg\" alt=\"\" class=\"wp-image-234\" srcset=\"https:\/\/toutenbois34.com\/wp-content\/uploads\/2025\/02\/IMG_1293-768x1024.jpg 768w, https:\/\/toutenbois34.com\/wp-content\/uploads\/2025\/02\/IMG_1293-225x300.jpg 225w, https:\/\/toutenbois34.com\/wp-content\/uploads\/2025\/02\/IMG_1293-1152x1536.jpg 1152w, https:\/\/toutenbois34.com\/wp-content\/uploads\/2025\/02\/IMG_1293-1140x1520.jpg 1140w, https:\/\/toutenbois34.com\/wp-content\/uploads\/2025\/02\/IMG_1293.jpg 1512w\" sizes=\"auto, (max-width: 768px) 100vw, 768px\" \/><\/figure>\n\n\n\n<figure class=\"wp-block-image size-large\"><img loading=\"lazy\" decoding=\"async\" width=\"768\" height=\"1024\" data-id=\"227\" src=\"https:\/\/toutenbois34.com\/wp-content\/uploads\/2025\/02\/IMG_1221-1-768x1024.jpg\" alt=\"\" class=\"wp-image-227\" srcset=\"https:\/\/toutenbois34.com\/wp-content\/uploads\/2025\/02\/IMG_1221-1-768x1024.jpg 768w, https:\/\/toutenbois34.com\/wp-content\/uploads\/2025\/02\/IMG_1221-1-225x300.jpg 225w, https:\/\/toutenbois34.com\/wp-content\/uploads\/2025\/02\/IMG_1221-1.jpg 800w\" sizes=\"auto, (max-width: 768px) 100vw, 768px\" \/><\/figure>\n\n\n\n<figure class=\"wp-block-image size-large\"><img loading=\"lazy\" decoding=\"async\" width=\"768\" height=\"1024\" data-id=\"228\" src=\"https:\/\/toutenbois34.com\/wp-content\/uploads\/2025\/02\/IMG_1222-1-768x1024.jpg\" alt=\"\" class=\"wp-image-228\" srcset=\"https:\/\/toutenbois34.com\/wp-content\/uploads\/2025\/02\/IMG_1222-1-768x1024.jpg 768w, https:\/\/toutenbois34.com\/wp-content\/uploads\/2025\/02\/IMG_1222-1-225x300.jpg 225w, https:\/\/toutenbois34.com\/wp-content\/uploads\/2025\/02\/IMG_1222-1.jpg 800w\" sizes=\"auto, (max-width: 768px) 100vw, 768px\" \/><\/figure>\n\n\n\n<figure class=\"wp-block-image size-large\"><img loading=\"lazy\" decoding=\"async\" width=\"1024\" height=\"768\" data-id=\"233\" src=\"https:\/\/toutenbois34.com\/wp-content\/uploads\/2025\/02\/IMG_1229-1-1024x768.jpg\" alt=\"\" class=\"wp-image-233\" srcset=\"https:\/\/toutenbois34.com\/wp-content\/uploads\/2025\/02\/IMG_1229-1-1024x768.jpg 1024w, https:\/\/toutenbois34.com\/wp-content\/uploads\/2025\/02\/IMG_1229-1-300x225.jpg 300w, https:\/\/toutenbois34.com\/wp-content\/uploads\/2025\/02\/IMG_1229-1-768x576.jpg 768w, https:\/\/toutenbois34.com\/wp-content\/uploads\/2025\/02\/IMG_1229-1-1536x1152.jpg 1536w, https:\/\/toutenbois34.com\/wp-content\/uploads\/2025\/02\/IMG_1229-1-1140x855.jpg 1140w, https:\/\/toutenbois34.com\/wp-content\/uploads\/2025\/02\/IMG_1229-1.jpg 2048w\" sizes=\"auto, (max-width: 1024px) 100vw, 1024px\" \/><\/figure>\n\n\n\n<figure class=\"wp-block-image size-large\"><img loading=\"lazy\" decoding=\"async\" width=\"1024\" height=\"768\" data-id=\"229\" src=\"https:\/\/toutenbois34.com\/wp-content\/uploads\/2025\/02\/IMG_1289-1024x768.jpg\" alt=\"\" class=\"wp-image-229\" srcset=\"https:\/\/toutenbois34.com\/wp-content\/uploads\/2025\/02\/IMG_1289-1024x768.jpg 1024w, https:\/\/toutenbois34.com\/wp-content\/uploads\/2025\/02\/IMG_1289-300x225.jpg 300w, https:\/\/toutenbois34.com\/wp-content\/uploads\/2025\/02\/IMG_1289-768x576.jpg 768w, https:\/\/toutenbois34.com\/wp-content\/uploads\/2025\/02\/IMG_1289-1536x1152.jpg 1536w, https:\/\/toutenbois34.com\/wp-content\/uploads\/2025\/02\/IMG_1289-1140x855.jpg 1140w, https:\/\/toutenbois34.com\/wp-content\/uploads\/2025\/02\/IMG_1289.jpg 2016w\" sizes=\"auto, (max-width: 1024px) 100vw, 1024px\" \/><\/figure>\n\n\n\n<figure class=\"wp-block-image size-large\"><img loading=\"lazy\" decoding=\"async\" width=\"768\" height=\"1024\" data-id=\"230\" src=\"https:\/\/toutenbois34.com\/wp-content\/uploads\/2025\/02\/IMG_1290-768x1024.jpg\" alt=\"\" class=\"wp-image-230\" srcset=\"https:\/\/toutenbois34.com\/wp-content\/uploads\/2025\/02\/IMG_1290-768x1024.jpg 768w, https:\/\/toutenbois34.com\/wp-content\/uploads\/2025\/02\/IMG_1290-225x300.jpg 225w, https:\/\/toutenbois34.com\/wp-content\/uploads\/2025\/02\/IMG_1290-1152x1536.jpg 1152w, https:\/\/toutenbois34.com\/wp-content\/uploads\/2025\/02\/IMG_1290-1140x1520.jpg 1140w, https:\/\/toutenbois34.com\/wp-content\/uploads\/2025\/02\/IMG_1290.jpg 1512w\" sizes=\"auto, (max-width: 768px) 100vw, 768px\" \/><\/figure>\n\n\n\n<figure class=\"wp-block-image size-large\"><img loading=\"lazy\" decoding=\"async\" width=\"1024\" height=\"768\" data-id=\"232\" src=\"https:\/\/toutenbois34.com\/wp-content\/uploads\/2025\/02\/IMG_1291-1024x768.jpg\" alt=\"\" class=\"wp-image-232\" srcset=\"https:\/\/toutenbois34.com\/wp-content\/uploads\/2025\/02\/IMG_1291-1024x768.jpg 1024w, https:\/\/toutenbois34.com\/wp-content\/uploads\/2025\/02\/IMG_1291-300x225.jpg 300w, https:\/\/toutenbois34.com\/wp-content\/uploads\/2025\/02\/IMG_1291-768x576.jpg 768w, https:\/\/toutenbois34.com\/wp-content\/uploads\/2025\/02\/IMG_1291-1536x1152.jpg 1536w, https:\/\/toutenbois34.com\/wp-content\/uploads\/2025\/02\/IMG_1291-1140x855.jpg 1140w, https:\/\/toutenbois34.com\/wp-content\/uploads\/2025\/02\/IMG_1291.jpg 2016w\" sizes=\"auto, (max-width: 1024px) 100vw, 1024px\" \/><\/figure>\n\n\n\n<figure class=\"wp-block-image size-large\"><img loading=\"lazy\" decoding=\"async\" width=\"1024\" height=\"768\" data-id=\"231\" src=\"https:\/\/toutenbois34.com\/wp-content\/uploads\/2025\/02\/IMG_1292-1024x768.jpg\" alt=\"\" class=\"wp-image-231\" srcset=\"https:\/\/toutenbois34.com\/wp-content\/uploads\/2025\/02\/IMG_1292-1024x768.jpg 1024w, https:\/\/toutenbois34.com\/wp-content\/uploads\/2025\/02\/IMG_1292-300x225.jpg 300w, https:\/\/toutenbois34.com\/wp-content\/uploads\/2025\/02\/IMG_1292-768x576.jpg 768w, https:\/\/toutenbois34.com\/wp-content\/uploads\/2025\/02\/IMG_1292-1536x1152.jpg 1536w, https:\/\/toutenbois34.com\/wp-content\/uploads\/2025\/02\/IMG_1292-1140x855.jpg 1140w, https:\/\/toutenbois34.com\/wp-content\/uploads\/2025\/02\/IMG_1292.jpg 2016w\" sizes=\"auto, (max-width: 1024px) 100vw, 1024px\" \/><\/figure>\n<\/figure>\n","protected":false},"excerpt":{"rendered":"<p>Sp\u00e9cialiste du bois, je r\u00e9alise des ouvrages de menuiserie ext\u00e9rieure sur mesure, alliant esth\u00e9tisme, robustesse et fonctionnalit\u00e9. Que ce soit pour des portes, fen\u00eatres, volets, bardages, portails ou pergolas, chaque r\u00e9alisation est con\u00e7ue pour s\u2019int\u00e9grer parfaitement \u00e0 votre habitat et r\u00e9sister aux intemp\u00e9ries. \u2705 Bois de qualit\u00e9 : S\u00e9lectionn\u00e9 pour sa durabilit\u00e9 et son aspect naturel chaleureux.\u2705 Sur mesure : Conception adapt\u00e9e \u00e0 vos besoins et \u00e0 l\u2019architecture de votre maison.\u2705 Isolation et confort : Excellentes performances thermiques et phoniques.\u2705 Finitions soign\u00e9es : Travail artisanal pr\u00e9cis pour un rendu esth\u00e9tique et harmonieux.<\/p>\n","protected":false},"author":1,"featured_media":0,"parent":0,"menu_order":0,"comment_status":"closed","ping_status":"closed","template":"","meta":{"footnotes":""},"class_list":["post-131","page","type-page","status-publish","hentry"],"_links":{"self":[{"href":"https:\/\/toutenbois34.com\/index.php\/wp-json\/wp\/v2\/pages\/131","targetHints":{"allow":["GET"]}}],"collection":[{"href":"https:\/\/toutenbois34.com\/index.php\/wp-json\/wp\/v2\/pages"}],"about":[{"href":"https:\/\/toutenbois34.com\/index.php\/wp-json\/wp\/v2\/types\/page"}],"author":[{"embeddable":true,"href":"https:\/\/toutenbois34.com\/index.php\/wp-json\/wp\/v2\/users\/1"}],"replies":[{"embeddable":true,"href":"https:\/\/toutenbois34.com\/index.php\/wp-json\/wp\/v2\/comments?post=131"}],"version-history":[{"count":3,"href":"https:\/\/toutenbois34.com\/index.php\/wp-json\/wp\/v2\/pages\/131\/revisions"}],"predecessor-version":[{"id":235,"href":"https:\/\/toutenbois34.com\/index.php\/wp-json\/wp\/v2\/pages\/131\/revisions\/235"}],"wp:attachment":[{"href":"https:\/\/toutenbois34.com\/index.php\/wp-json\/wp\/v2\/media?parent=131"}],"curies":[{"name":"wp","href":"https:\/\/api.w.org\/{rel}","templated":true}]}}