{"id":130,"date":"2025-02-14T10:41:40","date_gmt":"2025-02-14T09:41:40","guid":{"rendered":"https:\/\/toutenbois34.com\/?page_id=130"},"modified":"2025-02-14T11:28:50","modified_gmt":"2025-02-14T10:28:50","slug":"couverture-et-zinguerie","status":"publish","type":"page","link":"https:\/\/toutenbois34.com\/index.php\/couverture-et-zinguerie\/","title":{"rendered":"Couverture et Zinguerie"},"content":{"rendered":"\n<p>La couverture et la zinguerie sont des \u00e9l\u00e9ments essentiels pour assurer l\u2019\u00e9tanch\u00e9it\u00e9, la durabilit\u00e9 et l\u2019esth\u00e9tique de votre toiture. Fort de mon savoir-faire, je vous propose des solutions adapt\u00e9es \u00e0 vos besoins, que ce soit pour une nouvelle toiture, une r\u00e9novation ou des finitions en zinguerie.<\/p>\n\n\n\n<p>\u2705 Couverture en bois et tuiles : Pose et r\u00e9novation pour une toiture robuste et esth\u00e9tique.<br>\u2705 Zinguerie sur mesure : Goutti\u00e8res, ch\u00e9neaux, abergements et finitions pour une parfaite \u00e9vacuation des eaux pluviales.<br>\u2705 \u00c9tanch\u00e9it\u00e9 garantie : Travail soign\u00e9 pour prot\u00e9ger durablement votre maison des intemp\u00e9ries.<br>\u2705 Harmonie et finitions : Des solutions qui s\u2019int\u00e8grent parfaitement \u00e0 l\u2019architecture de votre habitat.<\/p>\n\n\n\n<p>Que vous ayez un projet de construction, de r\u00e9novation ou simplement besoin d\u2019un entretien, je suis \u00e0 votre disposition pour vous conseiller et vous proposer la solution la plus adapt\u00e9e.<\/p>\n\n\n\n<p>\ud83d\udcde Contactez-moi au 06 77 41 15 46 pour discuter de votre projet !<\/p>\n\n\n\n<div style=\"height:100px\" aria-hidden=\"true\" class=\"wp-block-spacer\"><\/div>\n\n\n\n<figure class=\"wp-block-gallery has-nested-images columns-default is-cropped wp-block-gallery-1 is-layout-flex wp-block-gallery-is-layout-flex\">\n<figure class=\"wp-block-image size-large\"><img loading=\"lazy\" decoding=\"async\" width=\"1024\" height=\"768\" data-id=\"220\" src=\"https:\/\/toutenbois34.com\/wp-content\/uploads\/2025\/02\/87459760_893152401120102_7240726660989845504_n-1-1024x768.jpg\" alt=\"\" class=\"wp-image-220\" srcset=\"https:\/\/toutenbois34.com\/wp-content\/uploads\/2025\/02\/87459760_893152401120102_7240726660989845504_n-1-1024x768.jpg 1024w, https:\/\/toutenbois34.com\/wp-content\/uploads\/2025\/02\/87459760_893152401120102_7240726660989845504_n-1-300x225.jpg 300w, https:\/\/toutenbois34.com\/wp-content\/uploads\/2025\/02\/87459760_893152401120102_7240726660989845504_n-1-768x576.jpg 768w, https:\/\/toutenbois34.com\/wp-content\/uploads\/2025\/02\/87459760_893152401120102_7240726660989845504_n-1-1536x1152.jpg 1536w, https:\/\/toutenbois34.com\/wp-content\/uploads\/2025\/02\/87459760_893152401120102_7240726660989845504_n-1-1140x855.jpg 1140w, https:\/\/toutenbois34.com\/wp-content\/uploads\/2025\/02\/87459760_893152401120102_7240726660989845504_n-1.jpg 2016w\" sizes=\"auto, (max-width: 1024px) 100vw, 1024px\" \/><\/figure>\n<\/figure>\n","protected":false},"excerpt":{"rendered":"<p>La couverture et la zinguerie sont des \u00e9l\u00e9ments essentiels pour assurer l\u2019\u00e9tanch\u00e9it\u00e9, la durabilit\u00e9 et l\u2019esth\u00e9tique de votre toiture. Fort de mon savoir-faire, je vous propose des solutions adapt\u00e9es \u00e0 vos besoins, que ce soit pour une nouvelle toiture, une r\u00e9novation ou des finitions en zinguerie. \u2705 Couverture en bois et tuiles : Pose et r\u00e9novation pour une toiture robuste et esth\u00e9tique.\u2705 Zinguerie sur mesure : Goutti\u00e8res, ch\u00e9neaux, abergements et finitions pour une parfaite \u00e9vacuation des eaux pluviales.\u2705 \u00c9tanch\u00e9it\u00e9 garantie : Travail soign\u00e9 pour prot\u00e9ger durablement votre maison des intemp\u00e9ries.\u2705 Harmonie et finitions : Des solutions qui s\u2019int\u00e8grent parfaitement \u00e0 l\u2019architecture de votre habitat. Que vous ayez un projet de construction, de r\u00e9novation ou simplement besoin d\u2019un entretien, je suis \u00e0 votre disposition pour vous conseiller et vous proposer la solution la plus adapt\u00e9e. \ud83d\udcde Contactez-moi au 06 77 41 15 46 pour discuter de votre projet !<\/p>\n","protected":false},"author":1,"featured_media":0,"parent":0,"menu_order":0,"comment_status":"closed","ping_status":"closed","template":"","meta":{"footnotes":""},"class_list":["post-130","page","type-page","status-publish","hentry"],"_links":{"self":[{"href":"https:\/\/toutenbois34.com\/index.php\/wp-json\/wp\/v2\/pages\/130","targetHints":{"allow":["GET"]}}],"collection":[{"href":"https:\/\/toutenbois34.com\/index.php\/wp-json\/wp\/v2\/pages"}],"about":[{"href":"https:\/\/toutenbois34.com\/index.php\/wp-json\/wp\/v2\/types\/page"}],"author":[{"embeddable":true,"href":"https:\/\/toutenbois34.com\/index.php\/wp-json\/wp\/v2\/users\/1"}],"replies":[{"embeddable":true,"href":"https:\/\/toutenbois34.com\/index.php\/wp-json\/wp\/v2\/comments?post=130"}],"version-history":[{"count":3,"href":"https:\/\/toutenbois34.com\/index.php\/wp-json\/wp\/v2\/pages\/130\/revisions"}],"predecessor-version":[{"id":221,"href":"https:\/\/toutenbois34.com\/index.php\/wp-json\/wp\/v2\/pages\/130\/revisions\/221"}],"wp:attachment":[{"href":"https:\/\/toutenbois34.com\/index.php\/wp-json\/wp\/v2\/media?parent=130"}],"curies":[{"name":"wp","href":"https:\/\/api.w.org\/{rel}","templated":true}]}}